{"id":8,"date":"2023-08-04T20:49:02","date_gmt":"2023-08-04T18:49:02","guid":{"rendered":"http:\/\/vcfreudental.de\/?page_id=8"},"modified":"2025-06-30T12:20:33","modified_gmt":"2025-06-30T10:20:33","slug":"der-verein","status":"publish","type":"page","link":"https:\/\/www.vcfreudental.de\/index.php\/der-verein\/","title":{"rendered":"Der Verein"},"content":{"rendered":"\n<p>Der Volleyballclub Freudental wurde 1979 gegr\u00fcndet. Von den damaligen 15 Gr\u00fcndungsmitgliedern ist er mittlerweile auf \u00fcber 400 Mitglieder angewachsen.<\/p>\n\n\n\n<p>Der VCF wird von einer ehrenamtlichen Vorstandschaft unter der Leitung eines 1. und 2. Vorsitzenden gef\u00fchrt. Des Weiteren halten viele engagierte, ehrenamtliche \u00dcbungsleiter und Trainer, sowie Helfer den Betrieb am Laufen.<\/p>\n\n\n\n<p>Den gr\u00f6\u00dften Teil des Vereins stellen Kinder und Jugendliche dar. Dazu geh\u00f6ren die\u00a0<a data-type=\"page\" data-id=\"69\" href=\"http:\/\/vcfreudental.de\/index.php\/kinderturnen-leichtathletik\/\">Kinderturngruppen<\/a>, in denen Kinder aus der Vorschule bis hin zur 4. Klasse mit viel Spa\u00df neue Bewegungen an Turnger\u00e4ten, mit B\u00e4llen und (fast) allen anderen in der Sch\u00f6nenberghalle zu Verf\u00fcgung stehenden Sportger\u00e4ten erlernen. F\u00fcr die \u201e\u00e4lteren\u201c volleyballinteressierten Kinder besteht die M\u00f6glichkeit im\u00a0<a data-type=\"page\" data-id=\"62\" href=\"http:\/\/vcfreudental.de\/index.php\/volleyball\/jugend\/\">Jugendvolleyball\u00a0<\/a>aktiv zu werden.<\/p>\n\n\n\n<p>Die&nbsp;<a href=\"http:\/\/vcfreudental.de\/index.php\/volleyball\/jugend\/\" data-type=\"page\" data-id=\"62\">Jugendmannschaften&nbsp;<\/a>des VCF spielen je nach Alter und Leistung in unterschiedlichen Klassen und nehmen am Spielbetrieb des Volleyball-Landesverbandes W\u00fcrttemberg teil. Jeder der mal reinschnuppern will ist in den jeweiligen Gruppen herzlich willkommen. Den Kopf des ganzen Spielbetriebs stellen die aktiven Mannschaften der&nbsp;<a href=\"http:\/\/vcfreudental.de\/index.php\/volleyball\/herren\/\" data-type=\"page\" data-id=\"60\">Herren&nbsp;<\/a>und&nbsp;<a href=\"http:\/\/vcfreudental.de\/index.php\/volleyball\/damen-1\/\" data-type=\"page\" data-id=\"56\">Damen&nbsp;<\/a>dar. F\u00fcr alle, denen es nicht um Leistung sondern den reinen Spa\u00df am Volleyball geht, gibt es noch eine&nbsp;<a href=\"http:\/\/vcfreudental.de\/index.php\/volleyball\/freizeit\/\" data-type=\"page\" data-id=\"65\">Freizeitgruppe&nbsp;<\/a>mit Nutzung des&nbsp;<a href=\"http:\/\/vcfreudental.de\/index.php\/volleyball\/beach\/\" data-type=\"page\" data-id=\"67\">Beachplatzes<\/a>&nbsp;im Sommer. N\u00e4heres zu den einzelnen Mannschaften (Trainingszeiten, Kontakte, &#8230;) findet in der jeweiligen Rubrik.<\/p>\n\n\n\n<p>Der Verein bietet auch im Bereich&nbsp;<a href=\"http:\/\/vcfreudental.de\/index.php\/aerobic\/\" data-type=\"page\" data-id=\"72\">Aerobic&nbsp;<\/a>sportliche Aktivit\u00e4ten f\u00fcr alle Interessierten.<\/p>\n\n\n\n<p>Zum Vereinsleben des VCF geh\u00f6ren selbstverst\u00e4ndlich auch die Geselligkeit verschiedener Feste und anderer au\u00dfersportlicher Veranstaltungen wie Ausfl\u00fcge und \u00e4hnliches (<a href=\"http:\/\/vcfreudental.de\/index.php\/der-verein\/termine\/\" data-type=\"page\" data-id=\"49\">Termine<\/a>). Beispielsweise das vom Verein j\u00e4hrlich am Tag der Heiligen Drei K\u00f6nige ausgerichtete Gl\u00fchweinfest, das VCF-Backh\u00e4usles-Feschd im Fr\u00fchling, sowie ein Stand beim Freudentaler Stra\u00dfen- oder Schlossfest. Dazu kommen verschiedene Feste und Veranstaltungen des Kinderturnens, das Freizeit-Volleyball \u201eB\u00e4ndeles-Turnier\u201c vor Weihnachten sowie f\u00fcnf Altpapiersammlungen in Freudental pro Jahr.<\/p>\n","protected":false},"excerpt":{"rendered":"<p>Der Volleyballclub Freudental wurde 1979 gegr\u00fcndet. Von den damaligen 15 Gr\u00fcndungsmitgliedern ist er mittlerweile auf \u00fcber 400 Mitglieder angewachsen. Der VCF wird von einer ehrenamtlichen Vorstandschaft unter der Leitung eines &hellip; <a href=\"https:\/\/www.vcfreudental.de\/index.php\/der-verein\/\" class=\"more-link\"><span class=\"screen-reader-text\">Der Verein<\/span> weiterlesen <span class=\"meta-nav\">&rarr;<\/span><\/a><\/p>\n","protected":false},"author":1,"featured_media":0,"parent":0,"menu_order":10,"comment_status":"closed","ping_status":"closed","template":"","meta":{"footnotes":""},"class_list":["post-8","page","type-page","status-publish","hentry"],"_links":{"self":[{"href":"https:\/\/www.vcfreudental.de\/index.php\/wp-json\/wp\/v2\/pages\/8","targetHints":{"allow":["GET"]}}],"collection":[{"href":"https:\/\/www.vcfreudental.de\/index.php\/wp-json\/wp\/v2\/pages"}],"about":[{"href":"https:\/\/www.vcfreudental.de\/index.php\/wp-json\/wp\/v2\/types\/page"}],"author":[{"embeddable":true,"href":"https:\/\/www.vcfreudental.de\/index.php\/wp-json\/wp\/v2\/users\/1"}],"replies":[{"embeddable":true,"href":"https:\/\/www.vcfreudental.de\/index.php\/wp-json\/wp\/v2\/comments?post=8"}],"version-history":[{"count":3,"href":"https:\/\/www.vcfreudental.de\/index.php\/wp-json\/wp\/v2\/pages\/8\/revisions"}],"predecessor-version":[{"id":824,"href":"https:\/\/www.vcfreudental.de\/index.php\/wp-json\/wp\/v2\/pages\/8\/revisions\/824"}],"wp:attachment":[{"href":"https:\/\/www.vcfreudental.de\/index.php\/wp-json\/wp\/v2\/media?parent=8"}],"curies":[{"name":"wp","href":"https:\/\/api.w.org\/{rel}","templated":true}]}}