{"id":69,"date":"2023-08-07T09:44:48","date_gmt":"2023-08-07T07:44:48","guid":{"rendered":"http:\/\/vcfreudental.de\/?page_id=69"},"modified":"2026-03-18T12:02:43","modified_gmt":"2026-03-18T11:02:43","slug":"kinderturnen-leichtathletik","status":"publish","type":"page","link":"https:\/\/www.vcfreudental.de\/index.php\/kinderturnen-leichtathletik\/","title":{"rendered":"Kinderturnen\/Leichtathletik"},"content":{"rendered":"\n<p>Im Kinderturnen werden den Kindern altersgerecht die Grundkenntnisse des Bodenturnens, Ger\u00e4teturnens sowie verschiedener Ball- und Bewegungsspiele beigebracht. Das Wichtigste dabei ist der Spa\u00df an der Bewegung.<\/p>\n\n\n\n<p>Au\u00dferdem bietet der Verein Leichtathletik f\u00fcr Grundsch\u00fcler an. Hier werden die Kinder spielerisch an die Disziplinen herangef\u00fchrt und bestreiten ihre ersten Wettk\u00e4mpfe.<\/p>\n\n\n\n<hr class=\"wp-block-separator has-alpha-channel-opacity is-style-wide\"\/>\n\n\n\n<p>Um zu erfahren, ob es im Leichtathletik oder Kinderturnen noch freie Pl\u00e4tze gibt, schreiben Sie bitte eine <a href=\"mailto:kinderturnen@vcfreudental.de\" target=\"_blank\" rel=\"noreferrer noopener\">E-Mail<\/a> an Annika und Monja.<\/p>\n\n\n\n<hr class=\"wp-block-separator has-alpha-channel-opacity is-style-wide\"\/>\n\n\n\n<p>\u00dcbungszeiten (au\u00dfer in den Schulferien)<\/p>\n\n\n\n<figure class=\"wp-block-table\"><table><tbody><tr><td><strong><u>Gruppe<\/u><\/strong><\/td><td><strong><u>Zeit<\/u><\/strong><\/td><td><strong><span style=\"text-decoration: underline;\"><u>\u00dcbungsleiter<\/u>innen<\/span><\/strong><\/td><\/tr><tr><td>Ca. 1-3 Jahre (Eltern-Kind-Turnen)<\/td><td>Montags 15:30 &#8211; 16:30 Uhr<\/td><td>Andrea, Albina, Pauline<\/td><\/tr><tr><td>Ca. 1-3 Jahre (Eltern-Kind-Turnen)<\/td><td>Mittwochs 15:30 &#8211; 16:30 Uhr<\/td><td>Carina, Jule<\/td><\/tr><tr><td>4-J\u00e4hrige<\/td><td>Donnerstags 15:15 &#8211; 16:00 Uhr<\/td><td>Andrea, Albina, Stephie, <br>Heike, Katja, Marlen<\/td><\/tr><tr><td>5- und 6-J\u00e4hrige<\/td><td>Donnerstags 16:00 &#8211; 17:00 Uhr&nbsp;&nbsp;&nbsp;&nbsp;&nbsp;&nbsp;&nbsp;&nbsp;&nbsp;<\/td><td>Miriam, Sophie, Annika, Sabrina<\/td><\/tr><tr><td>Ballgew\u00f6hnung (7-8 J\u00e4hrige)<strong>*<\/strong><\/td><td>Mittwochs 16:30 &#8211; 17:30 Uhr<\/td><td>Anja, Emely, Leonie<\/td><\/tr><\/tbody><\/table><\/figure>\n\n\n\n<p><em><strong>*<\/strong>nach der Ballgew\u00f6hnung geht es weiter zu den <a href=\"http:\/\/www.vcfreudental.de\/index.php\/volleyball\/jugend\/\" target=\"_blank\" rel=\"noreferrer noopener\">Vollyball Beginners<\/a>. Diese trainieren freitags von 16:00 &#8211; 17:30 Uhr in der Sch\u00f6nenberghalle in Freudental. Siehe auch <a href=\"http:\/\/www.vcfreudental.de\/index.php\/volleyball\/jugend\/\">Jugend<\/a>.<\/em><\/p>\n\n\n\n<p><\/p>\n","protected":false},"excerpt":{"rendered":"<p>Im Kinderturnen werden den Kindern altersgerecht die Grundkenntnisse des Bodenturnens, Ger\u00e4teturnens sowie verschiedener Ball- und Bewegungsspiele beigebracht. Das Wichtigste dabei ist der Spa\u00df an der Bewegung. Au\u00dferdem bietet der Verein &hellip; <a href=\"https:\/\/www.vcfreudental.de\/index.php\/kinderturnen-leichtathletik\/\" class=\"more-link\"><span class=\"screen-reader-text\">Kinderturnen\/Leichtathletik<\/span> weiterlesen <span class=\"meta-nav\">&rarr;<\/span><\/a><\/p>\n","protected":false},"author":1,"featured_media":0,"parent":0,"menu_order":30,"comment_status":"closed","ping_status":"closed","template":"","meta":{"footnotes":""},"class_list":["post-69","page","type-page","status-publish","hentry"],"_links":{"self":[{"href":"https:\/\/www.vcfreudental.de\/index.php\/wp-json\/wp\/v2\/pages\/69","targetHints":{"allow":["GET"]}}],"collection":[{"href":"https:\/\/www.vcfreudental.de\/index.php\/wp-json\/wp\/v2\/pages"}],"about":[{"href":"https:\/\/www.vcfreudental.de\/index.php\/wp-json\/wp\/v2\/types\/page"}],"author":[{"embeddable":true,"href":"https:\/\/www.vcfreudental.de\/index.php\/wp-json\/wp\/v2\/users\/1"}],"replies":[{"embeddable":true,"href":"https:\/\/www.vcfreudental.de\/index.php\/wp-json\/wp\/v2\/comments?post=69"}],"version-history":[{"count":14,"href":"https:\/\/www.vcfreudental.de\/index.php\/wp-json\/wp\/v2\/pages\/69\/revisions"}],"predecessor-version":[{"id":925,"href":"https:\/\/www.vcfreudental.de\/index.php\/wp-json\/wp\/v2\/pages\/69\/revisions\/925"}],"wp:attachment":[{"href":"https:\/\/www.vcfreudental.de\/index.php\/wp-json\/wp\/v2\/media?parent=69"}],"curies":[{"name":"wp","href":"https:\/\/api.w.org\/{rel}","templated":true}]}}