{"id":65,"date":"2023-08-07T09:43:40","date_gmt":"2023-08-07T07:43:40","guid":{"rendered":"http:\/\/vcfreudental.de\/?page_id=65"},"modified":"2026-04-20T00:29:03","modified_gmt":"2026-04-19T22:29:03","slug":"freizeit","status":"publish","type":"page","link":"https:\/\/www.vcfreudental.de\/index.php\/volleyball\/freizeit\/","title":{"rendered":"Freizeit"},"content":{"rendered":"\n<p class=\"has-text-align-left\"><strong>Trainingszeiten<\/strong><br>Freitag<br>20:00 &#8211; 22:00 Uhr<br>Sch\u00f6nenberghalle Freudental<\/p>\n\n\n\n<p class=\"has-text-align-left\"><strong>Kontakt<\/strong><br><a href=\"mailto:training@vcfreudental.de\">training@vcfreudental.de<\/a><\/p>\n\n\n\n<p>Nach dem Motto &#8222;Wir bleiben am Ball&#8220; macht unsere Freizeitgruppe ihrem Namen alle Ehre \u2013 hier steht der Spa\u00df im Vordergrund. Jedoch kommt die k\u00f6rperliche Ert\u00fcchtigung auch nicht zu kurz. Die Freizeitsportler schwitzen und lachen zusammen und sorgen f\u00fcr viele tolle Ballwechsel.<br>Unser erfahrener Trainer Ole findet stets die richtige Balance zwischen Spa\u00df und Ernst und zeigt unerm\u00fcdlich wie es noch besser geht. Hast du auch Lust auf Spa\u00df, Bewegung und vor allem am Volleyball \u2013 dann schau gerne vorbei!<\/p>\n\n\n\n<p><\/p>\n","protected":false},"excerpt":{"rendered":"<p>TrainingszeitenFreitag20:00 &#8211; 22:00 UhrSch\u00f6nenberghalle Freudental Kontakttraining@vcfreudental.de Nach dem Motto &#8222;Wir bleiben am Ball&#8220; macht unsere Freizeitgruppe ihrem Namen alle Ehre \u2013 hier steht der Spa\u00df im Vordergrund. Jedoch kommt die &hellip; <a href=\"https:\/\/www.vcfreudental.de\/index.php\/volleyball\/freizeit\/\" class=\"more-link\"><span class=\"screen-reader-text\">Freizeit<\/span> weiterlesen <span class=\"meta-nav\">&rarr;<\/span><\/a><\/p>\n","protected":false},"author":1,"featured_media":0,"parent":53,"menu_order":25,"comment_status":"closed","ping_status":"closed","template":"","meta":{"footnotes":""},"class_list":["post-65","page","type-page","status-publish","hentry"],"_links":{"self":[{"href":"https:\/\/www.vcfreudental.de\/index.php\/wp-json\/wp\/v2\/pages\/65","targetHints":{"allow":["GET"]}}],"collection":[{"href":"https:\/\/www.vcfreudental.de\/index.php\/wp-json\/wp\/v2\/pages"}],"about":[{"href":"https:\/\/www.vcfreudental.de\/index.php\/wp-json\/wp\/v2\/types\/page"}],"author":[{"embeddable":true,"href":"https:\/\/www.vcfreudental.de\/index.php\/wp-json\/wp\/v2\/users\/1"}],"replies":[{"embeddable":true,"href":"https:\/\/www.vcfreudental.de\/index.php\/wp-json\/wp\/v2\/comments?post=65"}],"version-history":[{"count":6,"href":"https:\/\/www.vcfreudental.de\/index.php\/wp-json\/wp\/v2\/pages\/65\/revisions"}],"predecessor-version":[{"id":950,"href":"https:\/\/www.vcfreudental.de\/index.php\/wp-json\/wp\/v2\/pages\/65\/revisions\/950"}],"up":[{"embeddable":true,"href":"https:\/\/www.vcfreudental.de\/index.php\/wp-json\/wp\/v2\/pages\/53"}],"wp:attachment":[{"href":"https:\/\/www.vcfreudental.de\/index.php\/wp-json\/wp\/v2\/media?parent=65"}],"curies":[{"name":"wp","href":"https:\/\/api.w.org\/{rel}","templated":true}]}}