{"id":62,"date":"2023-08-07T09:43:20","date_gmt":"2023-08-07T07:43:20","guid":{"rendered":"http:\/\/vcfreudental.de\/?page_id=62"},"modified":"2026-04-20T00:30:31","modified_gmt":"2026-04-19T22:30:31","slug":"jugend","status":"publish","type":"page","link":"https:\/\/www.vcfreudental.de\/index.php\/volleyball\/jugend\/","title":{"rendered":"Jugend"},"content":{"rendered":"\n<p>Jugendarbeit war und ist schon immer ein zentrales Thema in unserem Verein.<\/p>\n\n\n\n<p>Aus diesem Grund legen wir in der gesamten Jugendausbildung viel Wert auf eine fundierte und vielf\u00e4ltige Ausbildung. Es werden also nicht nur volleyballspezifische Techniken gelehrt und die Spielintelligenz gef\u00f6rdert, sondern auch Teamf\u00e4higkeit und Eigenverantwortung sind f\u00fcr unseren Mannschaftssport elementar und dar\u00fcber hinaus auch im gesamten Verein von gro\u00dfer Bedeutung.<\/p>\n\n\n\n<p>Zahlreiche Trainer und Helfer schaffen ein Atmosph\u00e4re, indem sich jede und jeder schnell wohlf\u00fchlt und Spa\u00df am Volleyball findet.<br><\/p>\n\n\n\n<p>Geschaffen wird das Ganze nicht nur im Training, sondern auch w\u00e4hrend (mehrt\u00e4gigen) Trainingstagen, mit der Hilfe von Teambuildingevents, im gem\u00fctlichen Beisammensein danach und bei vielen verschiedene jugendinternen Veranstaltungen und Unternehmungen. Unser ber\u00fchmtes &#8222;B\u00e4ndelesturnier&#8220; vor Weihnachten, unser vereinseigenes Beach Camp in Italien&nbsp;oder unser&nbsp;Sommerfest sind weitere Pflichtermine, die im Jahreskalender nicht fhelen d\u00fcrfen.<\/p>\n\n\n\n<p>Die richtige Trainingsgruppe gefunden?<br>Dann einfach eine <a href=\"mailto:training@vcfreudental.de\">Mail<\/a> an uns schreiben und ein Termin zum Probetraining vereinbaren.<\/p>\n\n\n\n<hr class=\"wp-block-separator has-alpha-channel-opacity is-style-wide\"\/>\n\n\n\n<h4 class=\"wp-block-heading\">Ballgew\u00f6hnung<\/h4>\n\n\n\n<p>ab 1. Klasse \/\/ ab 6-8 Jahren (nach R\u00fccksprache auch fr\u00fcher)<\/p>\n\n\n\n<p><strong>Trainingszeiten<\/strong><br>Mittwoch<br>16:30 &#8211; 17:30 Uhr<br>Sch\u00f6nenberghalle Freudental<\/p>\n\n\n\n<p>Freitag<br>16:00 &#8211; 17:30 Uhr<br>Sporthalle Lichternstern-Gymnasium Gro\u00dfsachsenheim<\/p>\n\n\n\n<hr class=\"wp-block-separator has-alpha-channel-opacity is-style-wide\"\/>\n\n\n\n<h4 class=\"wp-block-heading\">U12 weiblich<\/h4>\n\n\n\n<p>ab 2.-3. Klasse \/\/ ab 7-10 Jahren (nach R\u00fccksprache auch fr\u00fcher)<\/p>\n\n\n\n<p><strong>Trainingszeiten<\/strong><br>Dienstag<br>16:30 &#8211; 18:00 Uhr<br>Sch\u00f6nenberghalle Freudental<\/p>\n\n\n\n<p>Freitag<br>16:00 &#8211; 17:30 Uhr<br>Sch\u00f6nenberghalle Freudental<br><br>In dieser Trainingsgruppe ab circa 7 Jahren gibt es einen tollen Mix aus Spiel und Spa\u00df und im Fokus steht immer unser Volleyball. Hier lernen die jungen Spielerinnen spielerisch koordinative F\u00e4higkeiten mit dem Volleyball, erlernen die Grundtechniken und werden fit gemacht f\u00fcr die nachfolgenden Jugendmannschaften. Die Freude am Volleyballspiel sollte dabei immer sichtbar und erlernte Bewegungsabl\u00e4ufe mit dem Ball erkennbar sein.<\/p>\n\n\n\n<p><em>Das Training f\u00fcr die m\u00e4nnliche Jugend dieses Alters findet in der Sporthalle des Lichtenstern-Gymnasium in Gro\u00dfsachsenheim statt.<\/em><\/p>\n\n\n\n<p><em>Freitag<br>16:00 &#8211; 17:30 Uhr<br>Sporthalle Lichternstern-Gymnasium Gro\u00dfsachsenheim<\/em><\/p>\n\n\n\n<hr class=\"wp-block-separator has-alpha-channel-opacity is-style-wide\"\/>\n\n\n\n<h4 class=\"wp-block-heading\">U14 weiblich<\/h4>\n\n\n\n<p>ab 5.-6. Klasse \/\/ ab 10-12 Jahren (Vorkenntnisse notwendig, balltalentierte Quereinsteigerinnen)<\/p>\n\n\n\n<p><strong>Trainingszeiten<\/strong><br>Dienstag<br>16:30 &#8211; 18:00 Uhr<br>Sch\u00f6nenberghalle Freudental<\/p>\n\n\n\n<p>Mittwoch<br>18:00 &#8211; 20:00 Uhr<br>Sch\u00f6nenberghalle Freudental<br><br>Freitag<br>16:00 &#8211; 18:00 Uhr<br>Sch\u00f6nenberghalle Freudental<\/p>\n\n\n\n<p>In diesem Ausbildungsschritt werden die Grundtechniken weiter vertieft und wichtige spielerische Elemente trainiert, bpsw. erste Spielz\u00fcge in Dreier- und Vierer-Mannschaften. <\/p>\n\n\n\n<p>Durch die Erh\u00f6hung des Trainingspensums auf insgesamt 3 Trainingseinheiten pro Woche, wird der Leistungssportgedanke gezielt gef\u00f6rdert und gefordert, um f\u00fcr eine sp\u00e4tere Individualisierung im Leistungsbereich vorbereitet zu sein. Dies beinhaltet auch Verletzungsprophylaxe in Form von Athletik- und Krafttraining.<br><\/p>\n\n\n\n<p><strong>Unser j\u00e4hrliches Beach Camp in Italien geh\u00f6rt ab dem Eintritt in die U14w praktisch dazu und f\u00f6rdert neben einer weiteren Vertiefung volleyballspezifischer F\u00e4higkeiten im Sand auch soziale Komponenten.<\/strong><\/p>\n\n\n\n<hr class=\"wp-block-separator has-alpha-channel-opacity is-style-wide\"\/>\n\n\n\n<h4 class=\"wp-block-heading\">U16 weiblich (Einsteigerinnen)<\/h4>\n\n\n\n<p>ab 6.-7. Klasse \/\/ ab 11-13 Jahren (nach R\u00fccksprache auch sp\u00e4ter m\u00f6glich)<\/p>\n\n\n\n<p><strong>Trainingszeiten<\/strong><br>Donnerstag<br>18:30 &#8211; 20:30 Uhr<br>Sporthalle Lichternstern-Gymnasium Gro\u00dfsachsenheim<\/p>\n\n\n\n<hr class=\"wp-block-separator has-alpha-channel-opacity is-style-wide\"\/>\n\n\n\n<h4 class=\"wp-block-heading\">U16 weiblich<\/h4>\n\n\n\n<p>ab 6.-7. Klasse \/\/ ab 11-13 Jahren (Vorkenntnisse notwendig)<\/p>\n\n\n\n<p><strong>Trainingszeiten<\/strong><br>Mittwoch<br>18:00 &#8211; 20:00 Uhr<br>Sch\u00f6nenberghalle Freudental<br><br>Freitag<br>18:00 &#8211; 20:00 Uhr<br>Sch\u00f6nenberghalle Freudental<\/p>\n\n\n\n<p>In diesem Training wird vom Klein- auf das Gro\u00dffeld gewechselt. Darauf abgestimmt werden gezielt die daf\u00fcr notwendigen Techniken verbessert und weitere, wichtige spielerische Elemente des Leistungssports trainiert.<br>Hier werden Belastungsumfang, -intensit\u00e4t und -qualit\u00e4t weiter gesteigert, in dem die Spielerinnen bspw. ein Doppelspielrecht f\u00fcr Jugendspieltage sowie f\u00fcr Spieltage der Aktiven besitzen. Diese erh\u00f6hte Einsatzzeit erm\u00f6glicht ihnen ihre Volleyballkenntnisse zu erweitern, da sie hier bspw. h\u00f6here Ballgeschwindigkeiten vorfinden und das Spiel mit dem Libero erlernen.<br><\/p>\n\n\n\n<p>F\u00fcr ausgew\u00e4hlte Kaderspielerinnen findet zudem ein zus\u00e4tzliches St\u00fctzpunkttraining, abgestimmt zu ihren regul\u00e4ren Trainingsterminen, statt.<\/p>\n\n\n\n<hr class=\"wp-block-separator has-alpha-channel-opacity is-style-wide\"\/>\n\n\n\n<h4 class=\"wp-block-heading\">U18 weiblich Leistungsstaffel<\/h4>\n\n\n\n<p>Diese Spielerinnen geh\u00f6ren diversen Jugendmannschaften an und z\u00e4hlen zu den talentiertesten Spielerinnen ihrer Altersgruppe. Sie treten die spannende Herausforderung der Leistungsstaffel an, um sich mit den besten Mannschaften ihres Alters zu messen.<\/p>\n\n\n\n<hr class=\"wp-block-separator has-alpha-channel-opacity is-style-wide\"\/>\n\n\n\n<h4 class=\"wp-block-heading\">U20 weiblich Leistungsstaffel<\/h4>\n\n\n\n<p>Diese Spielerinnen geh\u00f6ren diversen Jugendmannschaften an und z\u00e4hlen zu den talentiertesten Spielerinnen ihrer Altersgruppe. Sie treten die spannende Herausforderung der Leistungsstaffel an, um sich mit den besten Mannschaften ihres Alters zu messen.<\/p>\n\n\n\n<hr class=\"wp-block-separator has-alpha-channel-opacity is-style-wide\"\/>\n\n\n\n<h4 class=\"wp-block-heading\">U18 m\u00e4nnlich<\/h4>\n\n\n\n<p>ab 5.-6. Klasse \/\/ ab 10 Jahren (Vorkenntnisse w\u00fcnschenswert)<\/p>\n\n\n\n<p><strong>Trainingszeiten<\/strong><br>Mittwoch<br>18:00 &#8211; 20:00 Uhr<br>Sch\u00f6nenberghalle Freudental<br><br>Freitag<br>18:00 &#8211; 20:00 Uhr<br>Sch\u00f6nenberghalle Freudental<\/p>\n\n\n\n<p>In diesem Training bzw. Alter wird vom Klein- auf das Gro\u00dffeld gewechselt. Darauf abgestimmt werden gezielt die Techniken verbessert und weitere, wichtige spielerische Elemente des Leistungssports trainiert.<\/p>\n\n\n\n<hr class=\"wp-block-separator has-alpha-channel-opacity is-style-wide\"\/>\n\n\n\n<p>Die richtige Trainingsgruppe gefunden?<br>Dann einfach eine <a href=\"mailto:training@vcfreudental.de\">Mail<\/a> an uns schreiben und ein Termin zum Probetraining vereinbaren.<\/p>\n\n\n\n<p><\/p>\n","protected":false},"excerpt":{"rendered":"<p>Jugendarbeit war und ist schon immer ein zentrales Thema in unserem Verein. Aus diesem Grund legen wir in der gesamten Jugendausbildung viel Wert auf eine fundierte und vielf\u00e4ltige Ausbildung. Es &hellip; <a href=\"https:\/\/www.vcfreudental.de\/index.php\/volleyball\/jugend\/\" class=\"more-link\"><span class=\"screen-reader-text\">Jugend<\/span> weiterlesen <span class=\"meta-nav\">&rarr;<\/span><\/a><\/p>\n","protected":false},"author":1,"featured_media":0,"parent":53,"menu_order":24,"comment_status":"closed","ping_status":"closed","template":"","meta":{"footnotes":""},"class_list":["post-62","page","type-page","status-publish","hentry"],"_links":{"self":[{"href":"https:\/\/www.vcfreudental.de\/index.php\/wp-json\/wp\/v2\/pages\/62","targetHints":{"allow":["GET"]}}],"collection":[{"href":"https:\/\/www.vcfreudental.de\/index.php\/wp-json\/wp\/v2\/pages"}],"about":[{"href":"https:\/\/www.vcfreudental.de\/index.php\/wp-json\/wp\/v2\/types\/page"}],"author":[{"embeddable":true,"href":"https:\/\/www.vcfreudental.de\/index.php\/wp-json\/wp\/v2\/users\/1"}],"replies":[{"embeddable":true,"href":"https:\/\/www.vcfreudental.de\/index.php\/wp-json\/wp\/v2\/comments?post=62"}],"version-history":[{"count":55,"href":"https:\/\/www.vcfreudental.de\/index.php\/wp-json\/wp\/v2\/pages\/62\/revisions"}],"predecessor-version":[{"id":953,"href":"https:\/\/www.vcfreudental.de\/index.php\/wp-json\/wp\/v2\/pages\/62\/revisions\/953"}],"up":[{"embeddable":true,"href":"https:\/\/www.vcfreudental.de\/index.php\/wp-json\/wp\/v2\/pages\/53"}],"wp:attachment":[{"href":"https:\/\/www.vcfreudental.de\/index.php\/wp-json\/wp\/v2\/media?parent=62"}],"curies":[{"name":"wp","href":"https:\/\/api.w.org\/{rel}","templated":true}]}}