{"id":58,"date":"2023-08-07T09:42:30","date_gmt":"2023-08-07T07:42:30","guid":{"rendered":"http:\/\/vcfreudental.de\/?page_id=58"},"modified":"2026-04-20T00:28:14","modified_gmt":"2026-04-19T22:28:14","slug":"damen-2","status":"publish","type":"page","link":"https:\/\/www.vcfreudental.de\/index.php\/volleyball\/damen-2\/","title":{"rendered":"Damen 2"},"content":{"rendered":"\n<h4 class=\"wp-block-heading\"><strong><strong>SG Stromberg<\/strong> 2 \/\/ Landesliga 1 Nord<\/strong>&nbsp;<\/h4>\n\n\n\n<p><strong>Trainingszeiten<\/strong><br>Dienstag<br>20:00 &#8211; 22:00 Uhr<br>Sch\u00f6nenberghalle in Freudental<\/p>\n\n\n\n<p>Donnerstag<br>19:00 &#8211; 21:00 Uhr<br>Sporthalle des Lichtenstern-Gymnasium Sachsenheim<\/p>\n\n\n\n<p><strong>Kontakt<\/strong><br><a href=\"mailto:training@vcfreudental.de\">training@vcfreudental.de<\/a><\/p>\n\n\n\n<h2 class=\"wp-block-heading\">Aktuelle Tabelle<\/h2>\n\n\n\n<table class=\"sams-table\">\n    <th class=\"rank\">Rang<\/th>\n    <th class=\"teamName\">Team<\/th>\n    <th class=\"games\">Spiele<\/th>\n    <th class=\"balls\">B\u00e4lle<\/th>\n    <th class=\"sets\">S\u00e4tze<\/th>\n    <th class=\"points\">Punkte<\/th>\n    <tr>\n    <td class=\"rank\">1<\/td>\n    <td class=\"teamName\">SV Fellbach 2<\/td>\n    <td class=\"games\">16<\/td>\n    <td class=\"balls\">1397:1094<\/td>\n    <td class=\"sets\">43:17<\/td>\n    <td class=\"points\">38<\/td>\n<\/tr><tr>\n    <td class=\"rank\">2<\/td>\n    <td class=\"teamName\">TSV Neudenau<\/td>\n    <td class=\"games\">16<\/td>\n    <td class=\"balls\">1416:1266<\/td>\n    <td class=\"sets\">43:20<\/td>\n    <td class=\"points\">37<\/td>\n<\/tr><tr>\n    <td class=\"rank\">3<\/td>\n    <td class=\"teamName\">TV Niederstetten<\/td>\n    <td class=\"games\">16<\/td>\n    <td class=\"balls\">1364:1223<\/td>\n    <td class=\"sets\">36:26<\/td>\n    <td class=\"points\">31<\/td>\n<\/tr><tr>\n    <td class=\"rank\">4<\/td>\n    <td class=\"teamName\">SG Stromberg II<\/td>\n    <td class=\"games\">16<\/td>\n    <td class=\"balls\">1332:1333<\/td>\n    <td class=\"sets\">35:27<\/td>\n    <td class=\"points\">29<\/td>\n<\/tr><tr>\n    <td class=\"rank\">5<\/td>\n    <td class=\"teamName\">SV Heilbronn am Leinbach<\/td>\n    <td class=\"games\">16<\/td>\n    <td class=\"balls\">1509:1460<\/td>\n    <td class=\"sets\">40:31<\/td>\n    <td class=\"points\">28<\/td>\n<\/tr><tr>\n    <td class=\"rank\">6<\/td>\n    <td class=\"teamName\">SSV Gei\u00dfelhardt<\/td>\n    <td class=\"games\">16<\/td>\n    <td class=\"balls\">1238:1322<\/td>\n    <td class=\"sets\">23:37<\/td>\n    <td class=\"points\">16<\/td>\n<\/tr><tr>\n    <td class=\"rank\">7<\/td>\n    <td class=\"teamName\">TV Cannstatt 1846<\/td>\n    <td class=\"games\">16<\/td>\n    <td class=\"balls\">1227:1337<\/td>\n    <td class=\"sets\">21:38<\/td>\n    <td class=\"points\">14<\/td>\n<\/tr><tr>\n    <td class=\"rank\">8<\/td>\n    <td class=\"teamName\">Barock Volleys MTV Ludwigsburg 3<\/td>\n    <td class=\"games\">16<\/td>\n    <td class=\"balls\">1148:1350<\/td>\n    <td class=\"sets\">19:40<\/td>\n    <td class=\"points\">13<\/td>\n<\/tr><tr>\n    <td class=\"rank\">9<\/td>\n    <td class=\"teamName\">SG TSV Talheim\/TSV Untergruppenbach<\/td>\n    <td class=\"games\">16<\/td>\n    <td class=\"balls\">1197:1443<\/td>\n    <td class=\"sets\">19:43<\/td>\n    <td class=\"points\">10<\/td>\n<\/tr>\n<\/table>\n\n\n\n<p><\/p>\n\n\n\n<h2 class=\"wp-block-heading\">Spielplan<\/h2>\n\n\n\n<table class=\"sams-fixtures\">\n    <th class=\"date\">Spielbeginn<\/th>\n    <th class=\"fixtureName\">Begegnung<\/th>\n    <th class=\"venue\">Spielort<\/th>\n    <tr>\n    <td class=\"date\">\n        12.10.2025\n        <br>\n        11:00 Uhr\n    <\/td>\n    <td class=\"fixtureName\">SSV Gei\u00dfelhardt - SG Stromberg II (2:3)<\/td>\n    <td class=\"venue\">Steinb\u00fchlhalle<br>Steinb\u00fchl 21<br>74535 Mainhardt<\/td>\n<\/tr><tr>\n    <td class=\"date\">\n        25.10.2025\n        <br>\n        12:00 Uhr\n    <\/td>\n    <td class=\"fixtureName\">SG Stromberg II - TV Cannstatt 1846 (3:0)<\/td>\n    <td class=\"venue\">Sch\u00f6nenberghalle<br>Am Gaisgraben<br>74392 Freudental<\/td>\n<\/tr><tr>\n    <td class=\"date\">\n        25.10.2025\n        <br>\n        12:00 Uhr\n    <\/td>\n    <td class=\"fixtureName\">SG Stromberg II - SV Heilbronn am Leinbach (3:1)<\/td>\n    <td class=\"venue\">Sch\u00f6nenberghalle<br>Am Gaisgraben<br>74392 Freudental<\/td>\n<\/tr><tr>\n    <td class=\"date\">\n        09.11.2025\n        <br>\n        11:00 Uhr\n    <\/td>\n    <td class=\"fixtureName\">TV Niederstetten - SG Stromberg II (3:0)<\/td>\n    <td class=\"venue\">Sporthalle Niederstetten<br>Oberstetter Stra\u00dfe<br>97996 Niederstetten<\/td>\n<\/tr><tr>\n    <td class=\"date\">\n        22.11.2025\n        <br>\n        14:00 Uhr\n    <\/td>\n    <td class=\"fixtureName\">SG Stromberg II - SG TSV Talheim\/TSV Untergruppenbach (3:2)<\/td>\n    <td class=\"venue\">Sch\u00f6nenberghalle<br>Am Gaisgraben<br>74392 Freudental<\/td>\n<\/tr><tr>\n    <td class=\"date\">\n        22.11.2025\n        <br>\n        14:00 Uhr\n    <\/td>\n    <td class=\"fixtureName\">SG Stromberg II - SV Fellbach 2 (3:1)<\/td>\n    <td class=\"venue\">Sch\u00f6nenberghalle<br>Am Gaisgraben<br>74392 Freudental<\/td>\n<\/tr><tr>\n    <td class=\"date\">\n        06.12.2025\n        <br>\n        12:30 Uhr\n    <\/td>\n    <td class=\"fixtureName\">Barock Volleys MTV Ludwigsburg 3 - SG Stromberg II (2:3)<\/td>\n    <td class=\"venue\">Rotb\u00e4umleshalle<br>Danziger Stra\u00dfe, Ecke Wieselweg<br>71640 Ludwigsburg<\/td>\n<\/tr><tr>\n    <td class=\"date\">\n        20.12.2025\n        <br>\n        14:00 Uhr\n    <\/td>\n    <td class=\"fixtureName\">TSV Neudenau - SG Stromberg II (3:1)<\/td>\n    <td class=\"venue\">Sturmfederhalle<br>Schulstrasse 11<br>74861 Neudenau<\/td>\n<\/tr><tr>\n    <td class=\"date\">\n        10.01.2026\n        <br>\n        14:00 Uhr\n    <\/td>\n    <td class=\"fixtureName\">SV Heilbronn am Leinbach - SG Stromberg II (2:3)<\/td>\n    <td class=\"venue\">Leintalsporthalle (Frankenbach)<br>W\u00fcrzburger Str<br>74078 Heilbronn-Frankenbach<\/td>\n<\/tr><tr>\n    <td class=\"date\">\n        24.01.2026\n        <br>\n        12:00 Uhr\n    <\/td>\n    <td class=\"fixtureName\">SG Stromberg II - TV Niederstetten (1:3)<\/td>\n    <td class=\"venue\">Sch\u00f6nenberghalle<br>Am Gaisgraben<br>74392 Freudental<\/td>\n<\/tr><tr>\n    <td class=\"date\">\n        24.01.2026\n        <br>\n        12:00 Uhr\n    <\/td>\n    <td class=\"fixtureName\">SG Stromberg II - SSV Gei\u00dfelhardt (3:0)<\/td>\n    <td class=\"venue\">Sch\u00f6nenberghalle<br>Am Gaisgraben<br>74392 Freudental<\/td>\n<\/tr><tr>\n    <td class=\"date\">\n        07.02.2026\n        <br>\n        14:00 Uhr\n    <\/td>\n    <td class=\"fixtureName\">TV Cannstatt 1846 - SG Stromberg II (1:3)<\/td>\n    <td class=\"venue\">Sporthalle Freiberg<br>Adalbert-Stifter-Str. 40 A<br>70437 Stuttgart-Freiberg<\/td>\n<\/tr><tr>\n    <td class=\"date\">\n        21.02.2026\n        <br>\n        12:00 Uhr\n    <\/td>\n    <td class=\"fixtureName\">SG Stromberg II - TSV Neudenau (3:1)<\/td>\n    <td class=\"venue\">Sch\u00f6nenberghalle<br>Am Gaisgraben<br>74392 Freudental<\/td>\n<\/tr><tr>\n    <td class=\"date\">\n        21.02.2026\n        <br>\n        12:00 Uhr\n    <\/td>\n    <td class=\"fixtureName\">SG Stromberg II - Barock Volleys MTV Ludwigsburg 3 (3:0)<\/td>\n    <td class=\"venue\">Sch\u00f6nenberghalle<br>Am Gaisgraben<br>74392 Freudental<\/td>\n<\/tr><tr>\n    <td class=\"date\">\n        07.03.2026\n        <br>\n        14:00 Uhr\n    <\/td>\n    <td class=\"fixtureName\">SG TSV Talheim\/TSV Untergruppenbach - SG Stromberg II (3:0)<\/td>\n    <td class=\"venue\">Stettenfelshalle<br>Obergruppenbacher Strasse 25<br>74199 Untergruppenbach<\/td>\n<\/tr><tr>\n    <td class=\"date\">\n        21.03.2026\n        <br>\n        13:30 Uhr\n    <\/td>\n    <td class=\"fixtureName\">SV Fellbach 2 - SG Stromberg II (3:0)<\/td>\n    <td class=\"venue\">G\u00e4u\u00e4ckersporthalle 1<br>B\u00fchlstrasse 141<br>70736 Fellbach<\/td>\n<\/tr>\n<\/table>\n","protected":false},"excerpt":{"rendered":"<p>SG Stromberg 2 \/\/ Landesliga 1 Nord&nbsp; TrainingszeitenDienstag20:00 &#8211; 22:00 UhrSch\u00f6nenberghalle in Freudental Donnerstag19:00 &#8211; 21:00 UhrSporthalle des Lichtenstern-Gymnasium Sachsenheim Kontakttraining@vcfreudental.de Aktuelle Tabelle Spielplan<\/p>\n","protected":false},"author":1,"featured_media":0,"parent":53,"menu_order":22,"comment_status":"closed","ping_status":"closed","template":"","meta":{"footnotes":""},"class_list":["post-58","page","type-page","status-publish","hentry"],"_links":{"self":[{"href":"https:\/\/www.vcfreudental.de\/index.php\/wp-json\/wp\/v2\/pages\/58","targetHints":{"allow":["GET"]}}],"collection":[{"href":"https:\/\/www.vcfreudental.de\/index.php\/wp-json\/wp\/v2\/pages"}],"about":[{"href":"https:\/\/www.vcfreudental.de\/index.php\/wp-json\/wp\/v2\/types\/page"}],"author":[{"embeddable":true,"href":"https:\/\/www.vcfreudental.de\/index.php\/wp-json\/wp\/v2\/users\/1"}],"replies":[{"embeddable":true,"href":"https:\/\/www.vcfreudental.de\/index.php\/wp-json\/wp\/v2\/comments?post=58"}],"version-history":[{"count":17,"href":"https:\/\/www.vcfreudental.de\/index.php\/wp-json\/wp\/v2\/pages\/58\/revisions"}],"predecessor-version":[{"id":946,"href":"https:\/\/www.vcfreudental.de\/index.php\/wp-json\/wp\/v2\/pages\/58\/revisions\/946"}],"up":[{"embeddable":true,"href":"https:\/\/www.vcfreudental.de\/index.php\/wp-json\/wp\/v2\/pages\/53"}],"wp:attachment":[{"href":"https:\/\/www.vcfreudental.de\/index.php\/wp-json\/wp\/v2\/media?parent=58"}],"curies":[{"name":"wp","href":"https:\/\/api.w.org\/{rel}","templated":true}]}}