{"id":51,"date":"2023-08-07T09:41:13","date_gmt":"2023-08-07T07:41:13","guid":{"rendered":"http:\/\/vcfreudental.de\/?page_id=51"},"modified":"2024-01-03T02:18:10","modified_gmt":"2024-01-03T01:18:10","slug":"schoenenberghalle","status":"publish","type":"page","link":"https:\/\/www.vcfreudental.de\/index.php\/der-verein\/schoenenberghalle\/","title":{"rendered":"Sch\u00f6nenberghalle"},"content":{"rendered":"\n<p>In der Sch\u00f6nenberghalle finden Training, Turniere und Spieltage statt.&nbsp;<\/p>\n\n\n\n<p>Parkpl\u00e4tze befinden sich direkt davor.<\/p>\n\n\n\n<p>Einfach in Google Maps oder Maps (Apple) &#8222;Sch\u00f6nenberghalle&#8220; eingeben und losfahren \ud83d\ude42<\/p>\n\n\n\n<p>Adresse:<br><strong>Sch\u00f6nenberghalle<\/strong><br><strong>Gartenstra\u00dfe 23<\/strong><br><strong>74392 Freudental<\/strong><\/p>\n\n\n\n<iframe loading=\"lazy\" width=\"425\" height=\"350\" src=\"https:\/\/www.openstreetmap.org\/export\/embed.html?bbox=9.039881229400637%2C49.002941910186486%2C9.070951938629152%2C49.01638331375755&amp;layer=mapnik&amp;marker=49.0096703860053%2C9.055416584014893\" style=\"border: 1px solid black\"><\/iframe><br\/><small><a href=\"https:\/\/www.openstreetmap.org\/?mlat=49.0097&amp;mlon=9.0554#map=16\/49.0097\/9.0554\">Gr\u00f6\u00dfere Karte anzeigen<\/a><\/small>\n","protected":false},"excerpt":{"rendered":"<p>In der Sch\u00f6nenberghalle finden Training, Turniere und Spieltage statt.&nbsp; Parkpl\u00e4tze befinden sich direkt davor. Einfach in Google Maps oder Maps (Apple) &#8222;Sch\u00f6nenberghalle&#8220; eingeben und losfahren \ud83d\ude42 Adresse:Sch\u00f6nenberghalleGartenstra\u00dfe 2374392 Freudental Gr\u00f6\u00dfere &hellip; <a href=\"https:\/\/www.vcfreudental.de\/index.php\/der-verein\/schoenenberghalle\/\" class=\"more-link\"><span class=\"screen-reader-text\">Sch\u00f6nenberghalle<\/span> weiterlesen <span class=\"meta-nav\">&rarr;<\/span><\/a><\/p>\n","protected":false},"author":1,"featured_media":0,"parent":8,"menu_order":16,"comment_status":"closed","ping_status":"closed","template":"","meta":{"footnotes":""},"class_list":["post-51","page","type-page","status-publish","hentry"],"_links":{"self":[{"href":"https:\/\/www.vcfreudental.de\/index.php\/wp-json\/wp\/v2\/pages\/51","targetHints":{"allow":["GET"]}}],"collection":[{"href":"https:\/\/www.vcfreudental.de\/index.php\/wp-json\/wp\/v2\/pages"}],"about":[{"href":"https:\/\/www.vcfreudental.de\/index.php\/wp-json\/wp\/v2\/types\/page"}],"author":[{"embeddable":true,"href":"https:\/\/www.vcfreudental.de\/index.php\/wp-json\/wp\/v2\/users\/1"}],"replies":[{"embeddable":true,"href":"https:\/\/www.vcfreudental.de\/index.php\/wp-json\/wp\/v2\/comments?post=51"}],"version-history":[{"count":4,"href":"https:\/\/www.vcfreudental.de\/index.php\/wp-json\/wp\/v2\/pages\/51\/revisions"}],"predecessor-version":[{"id":420,"href":"https:\/\/www.vcfreudental.de\/index.php\/wp-json\/wp\/v2\/pages\/51\/revisions\/420"}],"up":[{"embeddable":true,"href":"https:\/\/www.vcfreudental.de\/index.php\/wp-json\/wp\/v2\/pages\/8"}],"wp:attachment":[{"href":"https:\/\/www.vcfreudental.de\/index.php\/wp-json\/wp\/v2\/media?parent=51"}],"curies":[{"name":"wp","href":"https:\/\/api.w.org\/{rel}","templated":true}]}}