{"id":10,"date":"2023-08-04T20:49:32","date_gmt":"2023-08-04T18:49:32","guid":{"rendered":"http:\/\/vcfreudental.de\/?page_id=10"},"modified":"2026-01-10T21:22:21","modified_gmt":"2026-01-10T20:22:21","slug":"mitgliedschaft","status":"publish","type":"page","link":"https:\/\/www.vcfreudental.de\/index.php\/der-verein\/mitgliedschaft\/","title":{"rendered":"Mitgliedschaft"},"content":{"rendered":"\n<p>Liebe\/r Volleyballfreund\/in,<\/p>\n\n\n\n<p>ab sofort kann direkt online unter folgendem Link ein Mitgliedsantrag gestellt werden:<\/p>\n\n\n\n<p class=\"has-text-align-center has-large-font-size\"><a href=\"https:\/\/web.meinverein.de\/profile\/107322\/member-request-application\" target=\"_blank\" rel=\"noreferrer noopener\"><strong>Online Mitgliedsantrag<\/strong><\/a><\/p>\n\n\n\n<p>Wir freuen uns, dass\u00a0Du Dich entschlossen hast, Mitglied in unserem Verein zu werden und begr\u00fc\u00dfen Dich\u00a0ganz herzlich!\u00a0Wir w\u00fcnschen Dir viele sch\u00f6ne Stunden im Kreise Deiner\u00a0Mannschaftskollegen\/innen.<\/p>\n\n\n\n<p>Sollte es einmal Kummer bez\u00fcglich des&nbsp;Vereins&nbsp;geben, den Dein \u00dcbungsleiter\/Trainer\/in&nbsp;nicht beseitigen kann, so wende Dich&nbsp;bitte&nbsp;an ein Mitglied der Vorstandschaft. Ein \u00dcbersichtsblatt aller Mitglieder des Vorstands h\u00e4ngt im Vereinsschrank&nbsp;bzw. findest Du hier auf unserer Internetseite unter \u201eVorstand\u201c.<\/p>\n\n\n\n<p>Wie \u00fcberall kostet&nbsp;auch bei uns&nbsp;die Mitgliedschaft Geld. Der&nbsp;j\u00e4hrliche&nbsp;Vereinsbeitrag wird f\u00fcr uns von der&nbsp;VR-Bank Ludwigsburg&nbsp;per Lastschrift am Ende des&nbsp;1.&nbsp;Quartals eines Jahres eingezogen. Der&nbsp;ausgef\u00fcllte und unterschriebene&nbsp;Aufnahmeantrag&nbsp;(siehe unten)&nbsp;gilt&nbsp;somit&nbsp;gleichzeitig als Einzugserm\u00e4chtigung.<\/p>\n\n\n\n<p>Bei unterj\u00e4hrigem Eintritt wird der Mitgliedsbeitrag im ersten Jahr anteilig eingezogen.<\/p>\n\n\n\n<p>Die&nbsp;erteilte&nbsp;Einzugserm\u00e4chtigung kann jederzeit widerrufen werden.<br>Die Einzugserm\u00e4chtigung&nbsp;endet automatisch mit Beendigung der Mitgliedschaft.<\/p>\n\n\n\n<p>Unser Jahresbeitrag&nbsp;<strong>(ab 2023)<\/strong>&nbsp;betr\u00e4gt&nbsp;f\u00fcr&nbsp;<\/p>\n\n\n\n<figure class=\"wp-block-table\"><table><tbody><tr><td>Kinder (KiTu) &#8211; 0-8 J.<\/td><td><strong>48 Euro<\/strong><\/td><\/tr><tr><td>Kinder (Volley) &#8211; 9-18 J.<\/td><td><strong>80 Euro<\/strong><\/td><\/tr><tr><td>Erwachsene<\/td><td><strong>96&nbsp;Euro<\/strong><\/td><\/tr><tr><td>Familie<\/td><td><strong>192 Euro<\/strong><\/td><\/tr><tr><td>Aerobic-pur<\/td><td><strong>100 Euro<\/strong><\/td><\/tr><tr><td>Aerobic-Zusatz&nbsp;<strong>(nur f\u00fcr Mitgl.)<\/strong><\/td><td><strong>60 Euro<\/strong><\/td><\/tr><tr><td>Passiv<\/td><td><strong>30 Euro<\/strong><\/td><\/tr><\/tbody><\/table><\/figure>\n\n\n\n<p>Erg\u00e4nzend wollen wir noch darauf hinweisen, dass bei uns jedes Vereinsmitglied \u2013 ausgenommen Passive \u2013 nach der aktuellen Satzung verpflichtet ist, den Verein mit vier (4) Zeit-Arbeitsstunden pro Jahr zu unterst\u00fctzen (bei Familienmitgliedschaft nur einmal vier Stunden).<br>Hierf\u00fcr bitte unseren Veranstaltungskalender auf der Homepage einsehen oder die Ver\u00f6ffentlichungen im Gemeindeblatt Freudental beachten.<br>Sollten die Stunden nicht innerhalb eines Jahres abgeleistet werden, erfolgt eine doppelte Beitragsabbuchung beim n\u00e4chsten Lastschrifteinzug.<\/p>\n\n\n\n<p>Die Daten werden in&nbsp;unserer Vereinssoftware&nbsp;gespeichert. Wir verpflichten uns, diese Daten nur f\u00fcr sportliche, vereins- und verbandstechnische Zwecke zu verwenden.<\/p>\n\n\n\n<h2 class=\"wp-block-heading\">K\u00fcndigung<\/h2>\n\n\n\n<p>Ein K\u00fcndigung bedarf der Schriftform und kann formlos per E-Mail an <a href=\"mailto:kassier@vcfreudental.de\">kassier@vcfreudental.de<\/a> erfolgen. K\u00fcndigungsfrist ist der 30. November.<\/p>\n\n\n\n<h2 class=\"wp-block-heading\">Weitere Informationen<\/h2>\n\n\n\n<p>Die Satzung ist auf Wunsch f\u00fcr jedes Mitglied erh\u00e4ltlich&nbsp;bzw. auch hier unter&nbsp;\u201eSatzung\u201c&nbsp;nachlesbar.<\/p>\n\n\n\n<p>VolleyballClub Freudental&nbsp;e.V.<\/p>\n\n\n\n<p><br>Unsere Bankverbindung<br><strong>VR-Bank Ludwigsburg eG<\/strong><br><strong>IBAN: &nbsp; DE66 6049 1430 0068 0290 04<br>BIC: &nbsp; &nbsp;&nbsp;GENODES1VBB<\/strong><\/p>\n\n\n\n<p><\/p>\n\n\n\n<p>Bei Fragen zu den Geb\u00fchren und Fristen der Mitgliedschaft wendet euch bitte an:<\/p>\n\n\n\n<p><a href=\"mailto:kassier@vcfreudental.de\">kassier@vcfreudental.de<\/a><\/p>\n","protected":false},"excerpt":{"rendered":"<p>Liebe\/r Volleyballfreund\/in, ab sofort kann direkt online unter folgendem Link ein Mitgliedsantrag gestellt werden: Online Mitgliedsantrag Wir freuen uns, dass\u00a0Du Dich entschlossen hast, Mitglied in unserem Verein zu werden und &hellip; <a href=\"https:\/\/www.vcfreudental.de\/index.php\/der-verein\/mitgliedschaft\/\" class=\"more-link\"><span class=\"screen-reader-text\">Mitgliedschaft<\/span> weiterlesen <span class=\"meta-nav\">&rarr;<\/span><\/a><\/p>\n","protected":false},"author":1,"featured_media":0,"parent":8,"menu_order":11,"comment_status":"closed","ping_status":"closed","template":"","meta":{"footnotes":""},"class_list":["post-10","page","type-page","status-publish","hentry"],"_links":{"self":[{"href":"https:\/\/www.vcfreudental.de\/index.php\/wp-json\/wp\/v2\/pages\/10","targetHints":{"allow":["GET"]}}],"collection":[{"href":"https:\/\/www.vcfreudental.de\/index.php\/wp-json\/wp\/v2\/pages"}],"about":[{"href":"https:\/\/www.vcfreudental.de\/index.php\/wp-json\/wp\/v2\/types\/page"}],"author":[{"embeddable":true,"href":"https:\/\/www.vcfreudental.de\/index.php\/wp-json\/wp\/v2\/users\/1"}],"replies":[{"embeddable":true,"href":"https:\/\/www.vcfreudental.de\/index.php\/wp-json\/wp\/v2\/comments?post=10"}],"version-history":[{"count":10,"href":"https:\/\/www.vcfreudental.de\/index.php\/wp-json\/wp\/v2\/pages\/10\/revisions"}],"predecessor-version":[{"id":917,"href":"https:\/\/www.vcfreudental.de\/index.php\/wp-json\/wp\/v2\/pages\/10\/revisions\/917"}],"up":[{"embeddable":true,"href":"https:\/\/www.vcfreudental.de\/index.php\/wp-json\/wp\/v2\/pages\/8"}],"wp:attachment":[{"href":"https:\/\/www.vcfreudental.de\/index.php\/wp-json\/wp\/v2\/media?parent=10"}],"curies":[{"name":"wp","href":"https:\/\/api.w.org\/{rel}","templated":true}]}}