{"id":844,"date":"2025-10-15T15:01:38","date_gmt":"2025-10-15T13:01:38","guid":{"rendered":"http:\/\/www.vcfreudental.de\/?page_id=844"},"modified":"2025-12-19T09:28:05","modified_gmt":"2025-12-19T08:28:05","slug":"herren-2","status":"publish","type":"page","link":"http:\/\/www.vcfreudental.de\/index.php\/volleyball\/herren-2\/","title":{"rendered":"Herren 2"},"content":{"rendered":"\n<h4 class=\"wp-block-heading\">VC Freudental 2 \/\/ Bezirksklasse 2 Nord&nbsp;<\/h4>\n\n\n\n<p><strong>Trainingszeiten<\/strong><br>Mittwoch<br>18:00 &#8211; 20:00 Uhr<br>Sch\u00f6nenberghalle in Freudental<\/p>\n\n\n\n<p>Freitag<br>18:00 &#8211; 20:00 Uhr<br>Sch\u00f6nenberghalle in Freudental<\/p>\n\n\n\n<p><strong>Trainer<\/strong><br>Wolfgang, Leon &amp; Tra<\/p>\n\n\n\n<p><strong>Kontakt<\/strong><br><a href=\"mailto:training@vcfreudental.de\">training@vcfreudental.de<\/a><\/p>\n\n\n\n<h2 class=\"wp-block-heading\">Aktuelle Tabelle<\/h2>\n\n\n\n<table class=\"sams-table\">\n    <th class=\"rank\">Rang<\/th>\n    <th class=\"teamName\">Team<\/th>\n    <th class=\"games\">Spiele<\/th>\n    <th class=\"balls\">B\u00e4lle<\/th>\n    <th class=\"sets\">S\u00e4tze<\/th>\n    <th class=\"points\">Punkte<\/th>\n    <tr>\n    <td class=\"rank\">1<\/td>\n    <td class=\"teamName\">VSG Untersteinbach\/\u00d6hringen II<\/td>\n    <td class=\"games\">14<\/td>\n    <td class=\"balls\">1196:898<\/td>\n    <td class=\"sets\">42:9<\/td>\n    <td class=\"points\">39<\/td>\n<\/tr><tr>\n    <td class=\"rank\">2<\/td>\n    <td class=\"teamName\">TSG Schw\u00e4bisch Hall<\/td>\n    <td class=\"games\">14<\/td>\n    <td class=\"balls\">1164:950<\/td>\n    <td class=\"sets\">37:13<\/td>\n    <td class=\"points\">34<\/td>\n<\/tr><tr>\n    <td class=\"rank\">3<\/td>\n    <td class=\"teamName\">SpVgg M\u00f6ckm\u00fchl<\/td>\n    <td class=\"games\">14<\/td>\n    <td class=\"balls\">1090:1028<\/td>\n    <td class=\"sets\">29:23<\/td>\n    <td class=\"points\">24<\/td>\n<\/tr><tr>\n    <td class=\"rank\">4<\/td>\n    <td class=\"teamName\">1.FC Igersheim<\/td>\n    <td class=\"games\">14<\/td>\n    <td class=\"balls\">1119:1040<\/td>\n    <td class=\"sets\">30:23<\/td>\n    <td class=\"points\">23<\/td>\n<\/tr><tr>\n    <td class=\"rank\">5<\/td>\n    <td class=\"teamName\">SSV Gei\u00dfelhardt 3<\/td>\n    <td class=\"games\">14<\/td>\n    <td class=\"balls\">1025:1064<\/td>\n    <td class=\"sets\">23:27<\/td>\n    <td class=\"points\">20<\/td>\n<\/tr><tr>\n    <td class=\"rank\">6<\/td>\n    <td class=\"teamName\">SG Sportschule Waldenburg 2<\/td>\n    <td class=\"games\">14<\/td>\n    <td class=\"balls\">986:1054<\/td>\n    <td class=\"sets\">18:30<\/td>\n    <td class=\"points\">15<\/td>\n<\/tr><tr>\n    <td class=\"rank\">7<\/td>\n    <td class=\"teamName\">TSV Crailsheim 2<\/td>\n    <td class=\"games\">14<\/td>\n    <td class=\"balls\">817:1145<\/td>\n    <td class=\"sets\">11:37<\/td>\n    <td class=\"points\">7<\/td>\n<\/tr><tr>\n    <td class=\"rank\">8<\/td>\n    <td class=\"teamName\">VC Freudental 2<\/td>\n    <td class=\"games\">14<\/td>\n    <td class=\"balls\">794:1012<\/td>\n    <td class=\"sets\">8:36<\/td>\n    <td class=\"points\">6<\/td>\n<\/tr>\n<\/table>\n\n\n\n<h2 class=\"wp-block-heading\">Spielplan<\/h2>\n\n\n\n<table class=\"sams-fixtures\">\n    <th class=\"date\">Spielbeginn<\/th>\n    <th class=\"fixtureName\">Begegnung<\/th>\n    <th class=\"venue\">Spielort<\/th>\n    <tr>\n    <td class=\"date\">\n        11.10.2025\n        <br>\n        15:00 Uhr\n    <\/td>\n    <td class=\"fixtureName\">TSV Crailsheim 2 - VC Freudental 2 (3:0)<\/td>\n    <td class=\"venue\">Gro\u00dfsporthalle<br>In den Kistenwiesen 7<br>74564 Crailsheim<\/td>\n<\/tr><tr>\n    <td class=\"date\">\n        25.10.2025\n        <br>\n        15:00 Uhr\n    <\/td>\n    <td class=\"fixtureName\">VSG Untersteinbach\/\u00d6hringen II - VC Freudental 2 (3:0)<\/td>\n    <td class=\"venue\">Sporthalle Grundschule Limespark<br>Str\u00f6llerbachallee 80<br>74613 \u00d6hringen<\/td>\n<\/tr><tr>\n    <td class=\"date\">\n        16.11.2025\n        <br>\n        11:00 Uhr\n    <\/td>\n    <td class=\"fixtureName\">VC Freudental 2 - SG Sportschule Waldenburg 2 (0:3)<\/td>\n    <td class=\"venue\">Sch\u00f6nenberghalle<br>Am Gaisgraben<br>74392 Freudental<\/td>\n<\/tr><tr>\n    <td class=\"date\">\n        16.11.2025\n        <br>\n        12:00 Uhr\n    <\/td>\n    <td class=\"fixtureName\">VC Freudental 2 - 1.FC Igersheim (0:3)<\/td>\n    <td class=\"venue\">Sch\u00f6nenberghalle<br>Am Gaisgraben<br>74392 Freudental<\/td>\n<\/tr><tr>\n    <td class=\"date\">\n        23.11.2025\n        <br>\n        15:00 Uhr\n    <\/td>\n    <td class=\"fixtureName\">SpVgg M\u00f6ckm\u00fchl - VC Freudental 2 (3:0)<\/td>\n    <td class=\"venue\">Jagsttalhalle<br>Johann-Sebastian-Bach-Strasse<br>74219 M\u00f6ckm\u00fchl<\/td>\n<\/tr><tr>\n    <td class=\"date\">\n        21.12.2025\n        <br>\n        10:00 Uhr\n    <\/td>\n    <td class=\"fixtureName\">VC Freudental 2 - TSG Schw\u00e4bisch Hall (0:3)<\/td>\n    <td class=\"venue\">Sch\u00f6nenberghalle<br>Am Gaisgraben<br>74392 Freudental<\/td>\n<\/tr><tr>\n    <td class=\"date\">\n        21.12.2025\n        <br>\n        11:00 Uhr\n    <\/td>\n    <td class=\"fixtureName\">VC Freudental 2 - SSV Gei\u00dfelhardt 3 (1:3)<\/td>\n    <td class=\"venue\">Sch\u00f6nenberghalle<br>Am Gaisgraben<br>74392 Freudental<\/td>\n<\/tr><tr>\n    <td class=\"date\">\n        11.01.2026\n        <br>\n        10:00 Uhr\n    <\/td>\n    <td class=\"fixtureName\">VC Freudental 2 - TSV Crailsheim 2 (3:0)<\/td>\n    <td class=\"venue\">Sch\u00f6nenberghalle<br>Am Gaisgraben<br>74392 Freudental<\/td>\n<\/tr><tr>\n    <td class=\"date\">\n        11.01.2026\n        <br>\n        11:00 Uhr\n    <\/td>\n    <td class=\"fixtureName\">VC Freudental 2 - VSG Untersteinbach\/\u00d6hringen II (0:3)<\/td>\n    <td class=\"venue\">Sch\u00f6nenberghalle<br>Am Gaisgraben<br>74392 Freudental<\/td>\n<\/tr><tr>\n    <td class=\"date\">\n        24.01.2026\n        <br>\n        14:00 Uhr\n    <\/td>\n    <td class=\"fixtureName\">SG Sportschule Waldenburg 2 - VC Freudental 2 (3:0)<\/td>\n    <td class=\"venue\">Horst-Maurer-Halle<br>Eichenstra\u00dfe<br>74638 Waldenburg<\/td>\n<\/tr><tr>\n    <td class=\"date\">\n        07.02.2026\n        <br>\n        15:00 Uhr\n    <\/td>\n    <td class=\"fixtureName\">1.FC Igersheim - VC Freudental 2 (3:0)<\/td>\n    <td class=\"venue\">Gro\u00dfsporthalle Igersheim<br>Erlenbachtalstra\u00dfe 13<br>97999 Igersheim<\/td>\n<\/tr><tr>\n    <td class=\"date\">\n        22.02.2026\n        <br>\n        14:00 Uhr\n    <\/td>\n    <td class=\"fixtureName\">TSG Schw\u00e4bisch Hall - VC Freudental 2 (3:0)<\/td>\n    <td class=\"venue\">Schulzentrum Ost, Schenkenseehalle 2, SZO 2<br>T\u00fcngentalerstra\u00dfe 92<br>74523 Schw\u00e4bisch Hall<\/td>\n<\/tr><tr>\n    <td class=\"date\">\n        08.03.2026\n        <br>\n        12:00 Uhr\n    <\/td>\n    <td class=\"fixtureName\">SSV Gei\u00dfelhardt 3 - VC Freudental 2 (3:1)<\/td>\n    <td class=\"venue\">Steinb\u00fchlhalle<br>Steinb\u00fchl 21<br>74535 Mainhardt<\/td>\n<\/tr><tr>\n    <td class=\"date\">\n        21.03.2026\n        <br>\n        14:00 Uhr\n    <\/td>\n    <td class=\"fixtureName\">VC Freudental 2 - SpVgg M\u00f6ckm\u00fchl (3:0)<\/td>\n    <td class=\"venue\">Sch\u00f6nenberghalle<br>Am Gaisgraben<br>74392 Freudental<\/td>\n<\/tr>\n<\/table>\n","protected":false},"excerpt":{"rendered":"<p>VC Freudental 2 \/\/ Bezirksklasse 2 Nord&nbsp; TrainingszeitenMittwoch18:00 &#8211; 20:00 UhrSch\u00f6nenberghalle in Freudental Freitag18:00 &#8211; 20:00 UhrSch\u00f6nenberghalle in Freudental TrainerWolfgang, Leon &amp; Tra Kontakttraining@vcfreudental.de Aktuelle Tabelle Spielplan<\/p>\n","protected":false},"author":2,"featured_media":0,"parent":53,"menu_order":24,"comment_status":"closed","ping_status":"closed","template":"","meta":{"footnotes":""},"class_list":["post-844","page","type-page","status-publish","hentry"],"_links":{"self":[{"href":"http:\/\/www.vcfreudental.de\/index.php\/wp-json\/wp\/v2\/pages\/844","targetHints":{"allow":["GET"]}}],"collection":[{"href":"http:\/\/www.vcfreudental.de\/index.php\/wp-json\/wp\/v2\/pages"}],"about":[{"href":"http:\/\/www.vcfreudental.de\/index.php\/wp-json\/wp\/v2\/types\/page"}],"author":[{"embeddable":true,"href":"http:\/\/www.vcfreudental.de\/index.php\/wp-json\/wp\/v2\/users\/2"}],"replies":[{"embeddable":true,"href":"http:\/\/www.vcfreudental.de\/index.php\/wp-json\/wp\/v2\/comments?post=844"}],"version-history":[{"count":2,"href":"http:\/\/www.vcfreudental.de\/index.php\/wp-json\/wp\/v2\/pages\/844\/revisions"}],"predecessor-version":[{"id":912,"href":"http:\/\/www.vcfreudental.de\/index.php\/wp-json\/wp\/v2\/pages\/844\/revisions\/912"}],"up":[{"embeddable":true,"href":"http:\/\/www.vcfreudental.de\/index.php\/wp-json\/wp\/v2\/pages\/53"}],"wp:attachment":[{"href":"http:\/\/www.vcfreudental.de\/index.php\/wp-json\/wp\/v2\/media?parent=844"}],"curies":[{"name":"wp","href":"https:\/\/api.w.org\/{rel}","templated":true}]}}